{"id":372,"date":"2023-03-24T09:07:53","date_gmt":"2023-03-24T09:07:53","guid":{"rendered":"https:\/\/cantinamicheli.it\/soladio\/"},"modified":"2025-08-18T06:59:25","modified_gmt":"2025-08-18T06:59:25","slug":"soladio","status":"publish","type":"page","link":"https:\/\/cantinamicheli.it\/en\/soladio\/","title":{"rendered":"Soladio"},"content":{"rendered":"<div id=\"tittxt-block_670b367da2a4d18311b2cdc53af1bad5\" class=\"tittxt interno container\">\n\n  <div class=\"row\">\n            <div class=\"col-lg-4 tittxt__titolo\">\n                      <div class=\"bottiglia\"><img decoding=\"async\" src=\"https:\/\/cantinamicheli.it\/wp-content\/uploads\/2023\/04\/Micheli_Soladio_ok.jpg\" alt=\"\" \/><\/div>      <\/div>\n\n            <div class=\"col-lg-8 tittxt__titolo\">\n              \n\n<figure class=\"wp-block-image size-full mb-70 logo1223\"><img loading=\"lazy\" decoding=\"async\" width=\"787\" height=\"122\" src=\"https:\/\/cantinamicheli.it\/wp-content\/uploads\/2023\/03\/soladio_none.png\" alt=\"\" class=\"wp-image-233\" srcset=\"https:\/\/cantinamicheli.it\/wp-content\/uploads\/2023\/03\/soladio_none.png 787w, https:\/\/cantinamicheli.it\/wp-content\/uploads\/2023\/03\/soladio_none-300x47.png 300w, https:\/\/cantinamicheli.it\/wp-content\/uploads\/2023\/03\/soladio_none-768x119.png 768w\" sizes=\"auto, (max-width: 787px) 100vw, 787px\" \/><\/figure>\n\n\n\n<div class=\"wp-block-columns mb-70 is-layout-flex wp-container-core-columns-is-layout-1 wp-block-columns-is-layout-flex\">\n<div class=\"wp-block-column is-layout-flow wp-block-column-is-layout-flow\" style=\"flex-basis:55%\">\n<h3 class=\"wp-block-heading\">Kerner <br>VIGNETI DELLE DOLOMITI<\/h3>\n<\/div>\n\n\n\n<div class=\"wp-block-column is-layout-flow wp-block-column-is-layout-flow\">\n<h6 class=\"wp-block-heading\">Indicazione Geografica Tipica<\/h6>\n<\/div>\n<\/div>\n\n\n\n<p>The term &#8216;SOLADIO&#8217; in Trentino dialect indicates the optimal exposure to the sun, from sunrise to sunset. &#8220;Sto posto chi l&#8217;\u00e8 bel perch\u00e9 l&#8217;\u00e8 mes a SOLADIO&#8221;. The vineyard is located in Civezzano, a place where wine has historically always been produced with excellent results. The terracing is south-facing, ideal for the production of Kerner, born from a crossbreed between Schiava Grossa and Riesling.<\/p>\n\n\n\n<p>Thanks to the considerable temperature range between day and night, the grapes keep their acidity and develop intense white fruit aromas in the wine, accompanied by notes of grapefruit and mango. A solid structure supports the minerality on the palate and ends in a juicy finish.<\/p>\n\n\n\n<div class=\"wp-block-group is-layout-grid wp-container-core-group-is-layout-1 wp-block-group-is-layout-grid\">\n<figure class=\"wp-block-image size-large\"><img loading=\"lazy\" decoding=\"async\" width=\"757\" height=\"1024\" src=\"https:\/\/cantinamicheli.it\/wp-content\/uploads\/2024\/11\/Soladio_Kerner2023_MenzioneIstitutoAgrario-757x1024.jpg\" alt=\"\" class=\"wp-image-521\" srcset=\"https:\/\/cantinamicheli.it\/wp-content\/uploads\/2024\/11\/Soladio_Kerner2023_MenzioneIstitutoAgrario-757x1024.jpg 757w, https:\/\/cantinamicheli.it\/wp-content\/uploads\/2024\/11\/Soladio_Kerner2023_MenzioneIstitutoAgrario-222x300.jpg 222w, https:\/\/cantinamicheli.it\/wp-content\/uploads\/2024\/11\/Soladio_Kerner2023_MenzioneIstitutoAgrario-768x1039.jpg 768w, https:\/\/cantinamicheli.it\/wp-content\/uploads\/2024\/11\/Soladio_Kerner2023_MenzioneIstitutoAgrario-50x68.jpg 50w, https:\/\/cantinamicheli.it\/wp-content\/uploads\/2024\/11\/Soladio_Kerner2023_MenzioneIstitutoAgrario-1600x2164.jpg 1600w, https:\/\/cantinamicheli.it\/wp-content\/uploads\/2024\/11\/Soladio_Kerner2023_MenzioneIstitutoAgrario-1136x1536.jpg 1136w, https:\/\/cantinamicheli.it\/wp-content\/uploads\/2024\/11\/Soladio_Kerner2023_MenzioneIstitutoAgrario-1514x2048.jpg 1514w, https:\/\/cantinamicheli.it\/wp-content\/uploads\/2024\/11\/Soladio_Kerner2023_MenzioneIstitutoAgrario-scaled.jpg 1893w\" sizes=\"auto, (max-width: 757px) 100vw, 757px\" \/><\/figure>\n<\/div>\n\n\n\n<figure class=\"wp-block-table is-style-regular\"><table class=\"has-fixed-layout\"><tbody><tr><td>VINEYARD ALTITUDE<\/td><td>480 m.a.s.l.<\/td><\/tr><tr><td>SOIL<\/td><td>Rocky volcanic, rich in minerals<\/td><\/tr><tr><td>FARMING TYPE<\/td><td>Guyot<\/td><\/tr><tr><td>YEAR OF PLANTING<\/td><td>2018<\/td><\/tr><tr><td>GRAPE VARIETIES<\/td><td>Kerner<\/td><\/tr><tr><td>VINIFICATION<\/td><td>Cold maceration pre-fermentation of the grapes in cold storage overnight. Temperature-controlled fermentation of the must in stainless steel tanks followed by ageing on the fine lees<\/td><\/tr><tr><td>ALCOHOL CONTENT<\/td><td>12,5% vol.<br>Depends on the vintage year<\/td><\/tr><tr><td>LOCATION<\/td><td>Civezzano<\/td><\/tr><\/tbody><\/table><\/figure>\n\n      <\/div>\n  <\/div>\n\n<\/div>\n\n\n<div id=\"gutenslider-kdqaq8t3v\" class=\"wp-block-eedee-block-gutenslider gs-frontend content-change alignnone adaptive-height arrow-style-1 arrow-position-sides arrow-mb-none arrows-lg arrows-md arrows-sm dot-style-1 dots-lg dots-md dots-sm dot-position-bottom is-position-center-center mb-none wrap-auto-height\" data-parallax-direction=\"down\" data-parallax-amount=\"1.3\" data-lg-transition=\"lg-slide\" data-hash=\"\" ><div class=\"eedee-swiper-outer\" style=\"--gutenslider-min-height: 50vh;--gutenslider-arrow-size: 30px;--gutenslider-dot-size: 25px;--gutenslider-arrow-color: #ffffff;--gutenslider-dot-color: #ffffff;--gutenslider-padding-y-mobile: 40px;--gutenslider-padding-x-mobile: 40px;--gutenslider-padding-y-tablet: 40px;--gutenslider-padding-x-tablet: 40px;--gutenslider-padding-y-desktop: 40px;--gutenslider-padding-x-desktop: 40px;--gutenslider-bg-image: url();--gutenslider-min-height-md: 50vh;--gutenslider-min-height-sm: 50vh;--gutenslider-padding-x: 40px;--gutenslider-padding-x-md: 40px;--gutenslider-padding-x-sm: 20px;--gutenslider-padding-y: 40px;--gutenslider-padding-y-md: 40px;--gutenslider-padding-y-sm: 20px;--gutenslider-arrow-size-md: 30px;--gutenslider-arrow-size-sm: 30px;--gutenslider-dot-size-md: 25px;--gutenslider-dot-size-sm: 25px;--gutenslider-arrow-bg-color: transparent;--gutenslider-arrow-hover-color: #eeeeee;--gutenslider-arrow-bg-hover-color: transparent;--gutenslider-arrow-x-offset: 10px;--gutenslider-arrow-x-offset-md: 10px;--gutenslider-arrow-x-offset-sm: 10px;--gutenslider-arrow-y-offset: 0px;--gutenslider-arrow-y-offset-md: 0px;--gutenslider-arrow-y-offset-sm: 0px;--gutenslider-arrow-x-spacing: 0px;--gutenslider-dot-y-offset: 10px;--gutenslider-dot-y-offset-md: 10px;--gutenslider-dot-y-offset-sm: 10px;--gutenslider-margin-x: 0px;--gutenslider-margin-x-md: 0px;--gutenslider-margin-x-sm: 0px;--gutenslider-margin-y: 0px;--gutenslider-margin-y-md: 0px;--gutenslider-margin-y-sm: 0px;--gutenslider-divider-top: 60px;--gutenslider-divider-bottom: 60px;--gutenslider-lightgallery-bg: #ffffff;--gutenslider-lightgallery-font: #000000;--gs-first-pos: 50% 50%;--gs-gap-vertical: var( --wp--style--gallery-gap-default, var( --gallery-block--gutter-size, var( --wp--style--block-gap, 0.5em ) ) );--gs-gap-horizontal: var( --wp--style--gallery-gap-default, var( --gallery-block--gutter-size, var( --wp--style--block-gap, 0.5em ) ) );\"><div class=\"gutenslider-divider-top\" style=\"color:#fff;\"><\/div><div class=\"swiper\" data-settings='{\"autoplay\":{\"delay\":3000,\"pauseOnMouseEnter\":true,\"disableOnInteraction\":false},\"speed\":700,\"direction\":\"horizontal\",\"autoHeight\":\"\",\"loop\":true,\"centeredSlides\":true,\"spaceBetween\":0,\"slidesPerView\":1,\"slidesPerGroup\":1,\"effect\":\"slide\",\"coverflowEffect\":{\"rotate\":30,\"slideShadows\":false,\"depth\":100,\"stretch\":50,\"modifier\":1},\"fadeEffect\":{\"crossFade\":true},\"zoom\":\"\",\"navigation\":{\"nextEl\":\"#gutenslider-kdqaq8t3v .eedee-gutenslider-next\",\"prevEl\":\"#gutenslider-kdqaq8t3v .eedee-gutenslider-prev\"},\"pagination\":{\"type\":\"bullets\",\"clickable\":true,\"dynamicBullets\":false,\"el\":\"#gutenslider-kdqaq8t3v .eedee-gutenslider-pagination\"},\"pauseOnHover\":\"1\",\"watchSlidesProgress\":true,\"watchSlidesVisibility\":true,\"settingsMd\":{\"autoHeight\":\"\",\"slidesPerView\":1,\"slidesPerGroup\":1,\"spaceBetween\":0,\"loop\":true},\"settingsLg\":{\"autoHeight\":\"1\",\"slidesPerView\":1,\"slidesPerGroup\":1,\"spaceBetween\":0,\"loop\":true},\"hasLg\":false,\"hasLgCounter\":true,\"isFullScreen\":false,\"arrowsFollowMouse\":false,\"lgTitle\":\"none\",\"lgCaption\":\"none\",\"lgThumbnails\":true,\"lgZoomEnabled\":false,\"keyboard\":false,\"hashNavigation\":false,\"dividers\":false}'><div class=\"swiper-wrapper\">\n<div class=\"swiper-slide wp-block-eedee-block-gutenslide is-position-center-center ed-bg-image\" style=\"--ed-vw:300;--ed-vh:200;\" data-hash=\"\"><div class=\"eedee-background-div bg-image\"><img loading=\"lazy\" width=\"1024\" height=\"683\" class=\"wp-image-481\" src=\"https:\/\/cantinamicheli.it\/wp-content\/uploads\/2024\/07\/Micheli_ML_4235-1024x683.jpg\" alt=\"\" decoding=\"async\" style=\"object-fit: cover; object-position: 50% 50%;\"  data-title=\"Cantina Micheli\" srcset=\"https:\/\/cantinamicheli.it\/wp-content\/uploads\/2024\/07\/Micheli_ML_4235-1024x683.jpg 1024w, https:\/\/cantinamicheli.it\/wp-content\/uploads\/2024\/07\/Micheli_ML_4235-300x200.jpg 300w, https:\/\/cantinamicheli.it\/wp-content\/uploads\/2024\/07\/Micheli_ML_4235-768x512.jpg 768w, https:\/\/cantinamicheli.it\/wp-content\/uploads\/2024\/07\/Micheli_ML_4235-50x33.jpg 50w, https:\/\/cantinamicheli.it\/wp-content\/uploads\/2024\/07\/Micheli_ML_4235-1600x1067.jpg 1600w, https:\/\/cantinamicheli.it\/wp-content\/uploads\/2024\/07\/Micheli_ML_4235-1536x1024.jpg 1536w, https:\/\/cantinamicheli.it\/wp-content\/uploads\/2024\/07\/Micheli_ML_4235.jpg 1920w\" sizes=\"auto, (max-width: 1024px) 100vw, 1024px\" \/><div class=\"eedee-background-div__overlay\" style=\"opacity:1;\"><\/div><\/div><div class=\"slide-content\">\n\n<p class=\"has-text-align-center gutenslider-content-initial has-larger-font-size\"><\/p>\n\n<\/div><\/div>\n\n<div class=\"swiper-slide wp-block-eedee-block-gutenslide is-position-center-center ed-bg-image\" style=\"--ed-vw:300;--ed-vh:200;\" data-hash=\"\"><div class=\"eedee-background-div bg-image\"><img loading=\"lazy\" width=\"1024\" height=\"683\" class=\"wp-image-483\" src=\"https:\/\/cantinamicheli.it\/wp-content\/uploads\/2024\/07\/Micheli_ML_4510-1024x683.jpg\" alt=\"\" decoding=\"async\" style=\"object-fit: cover; object-position: 50% 50%;\"  data-title=\"Cantina Micheli\" srcset=\"https:\/\/cantinamicheli.it\/wp-content\/uploads\/2024\/07\/Micheli_ML_4510-1024x683.jpg 1024w, https:\/\/cantinamicheli.it\/wp-content\/uploads\/2024\/07\/Micheli_ML_4510-300x200.jpg 300w, https:\/\/cantinamicheli.it\/wp-content\/uploads\/2024\/07\/Micheli_ML_4510-768x512.jpg 768w, https:\/\/cantinamicheli.it\/wp-content\/uploads\/2024\/07\/Micheli_ML_4510-50x33.jpg 50w, https:\/\/cantinamicheli.it\/wp-content\/uploads\/2024\/07\/Micheli_ML_4510-1600x1067.jpg 1600w, https:\/\/cantinamicheli.it\/wp-content\/uploads\/2024\/07\/Micheli_ML_4510-1536x1024.jpg 1536w, https:\/\/cantinamicheli.it\/wp-content\/uploads\/2024\/07\/Micheli_ML_4510.jpg 1920w\" sizes=\"auto, (max-width: 1024px) 100vw, 1024px\" \/><div class=\"eedee-background-div__overlay\" style=\"opacity:1;\"><\/div><\/div><div class=\"slide-content\">\n\n<p class=\"has-text-align-center gutenslider-content-initial has-larger-font-size\"><\/p>\n\n<\/div><\/div>\n<\/div><\/div><button class=\"eedee-gutenslider-nav eedee-gutenslider-prev\"><svg xmlns=\"http:\/\/www.w3.org\/2000\/svg\" viewBox=\"0 0 24 24\" width=\"24\" height=\"24\"><circle class=\"bg\" cx=\"13\" cy=\"12\" r=\"11\" \/><path fill=\"none\" d=\"M0 0h24v24H0z\"\/><path class=\"arrow\" d=\"M10.828 12l4.95 4.95-1.414 1.414L8 12l6.364-6.364 1.414 1.414z\"\/><\/svg><\/button><button class=\"eedee-gutenslider-nav eedee-gutenslider-next\"><svg xmlns=\"http:\/\/www.w3.org\/2000\/svg\" viewBox=\"0 0 24 24\" width=\"24\" height=\"24\"><circle class=\"bg\" cx=\"11\" cy=\"12\" r=\"11\" \/><path fill=\"none\" d=\"M0 0h24v24H0z\"\/><path class=\"arrow\" d=\"M13.172 12l-4.95-4.95 1.414-1.414L16 12l-6.364 6.364-1.414-1.414z\"\/><\/svg><\/button><div class=\"eedee-gutenslider-pagination\"><\/div><div class=\"gutenslider-divider-bottom \" style=\"color:#fff;\"><\/div><\/div><\/div>","protected":false},"excerpt":{"rendered":"","protected":false},"author":1,"featured_media":0,"parent":0,"menu_order":0,"comment_status":"closed","ping_status":"closed","template":"","meta":{"_acf_changed":false,"footnotes":""},"class_list":["post-372","page","type-page","status-publish","hentry"],"acf":[],"yoast_head":"<!-- This site is optimized with the Yoast SEO plugin v15.3 - https:\/\/yoast.com\/wordpress\/plugins\/seo\/ -->\n<title>Soladio - Cantina Micheli<\/title>\n<meta name=\"description\" content=\"Soladio is a still wine produced with Kerner grapes, a cross between Schiava Grossa and Riesling, from the 2022 harvest.\" \/>\n<meta name=\"robots\" content=\"index, follow, max-snippet:-1, max-image-preview:large, max-video-preview:-1\" \/>\n<link rel=\"canonical\" href=\"https:\/\/cantinamicheli.it\/en\/soladio\/\" \/>\n<meta property=\"og:locale\" content=\"en_US\" \/>\n<meta property=\"og:type\" content=\"article\" \/>\n<meta property=\"og:title\" content=\"Soladio - Cantina Micheli\" \/>\n<meta property=\"og:description\" content=\"Soladio is a still wine produced with Kerner grapes, a cross between Schiava Grossa and Riesling, from the 2022 harvest.\" \/>\n<meta property=\"og:url\" content=\"https:\/\/cantinamicheli.it\/en\/soladio\/\" \/>\n<meta property=\"og:site_name\" content=\"Cantina Micheli\" \/>\n<meta property=\"article:modified_time\" content=\"2025-08-18T06:59:25+00:00\" \/>\n<meta property=\"og:image\" content=\"https:\/\/cantinamicheli.it\/wp-content\/uploads\/2023\/03\/soladio_none.png\" \/>\n<meta name=\"twitter:card\" content=\"summary_large_image\" \/>\n<meta name=\"twitter:label1\" content=\"Written by\">\n\t<meta name=\"twitter:data1\" content=\"omar\">\n\t<meta name=\"twitter:label2\" content=\"Est. reading time\">\n\t<meta name=\"twitter:data2\" content=\"1 minute\">\n<script type=\"application\/ld+json\" class=\"yoast-schema-graph\">{\"@context\":\"https:\/\/schema.org\",\"@graph\":[{\"@type\":\"WebSite\",\"@id\":\"https:\/\/cantinamicheli.it\/en\/#website\",\"url\":\"https:\/\/cantinamicheli.it\/en\/\",\"name\":\"Cantina Micheli\",\"description\":\"Azienda Agricola\",\"potentialAction\":[{\"@type\":\"SearchAction\",\"target\":\"https:\/\/cantinamicheli.it\/en\/?s={search_term_string}\",\"query-input\":\"required name=search_term_string\"}],\"inLanguage\":\"en-US\"},{\"@type\":\"ImageObject\",\"@id\":\"https:\/\/cantinamicheli.it\/en\/soladio\/#primaryimage\",\"inLanguage\":\"en-US\",\"url\":\"https:\/\/cantinamicheli.it\/wp-content\/uploads\/2023\/03\/soladio_none.png\",\"width\":787,\"height\":122},{\"@type\":\"WebPage\",\"@id\":\"https:\/\/cantinamicheli.it\/en\/soladio\/#webpage\",\"url\":\"https:\/\/cantinamicheli.it\/en\/soladio\/\",\"name\":\"Soladio - Cantina Micheli\",\"isPartOf\":{\"@id\":\"https:\/\/cantinamicheli.it\/en\/#website\"},\"primaryImageOfPage\":{\"@id\":\"https:\/\/cantinamicheli.it\/en\/soladio\/#primaryimage\"},\"datePublished\":\"2023-03-24T09:07:53+00:00\",\"dateModified\":\"2025-08-18T06:59:25+00:00\",\"description\":\"Soladio is a still wine produced with Kerner grapes, a cross between Schiava Grossa and Riesling, from the 2022 harvest.\",\"inLanguage\":\"en-US\",\"potentialAction\":[{\"@type\":\"ReadAction\",\"target\":[\"https:\/\/cantinamicheli.it\/en\/soladio\/\"]}]}]}<\/script>\n<!-- \/ Yoast SEO plugin. -->","_links":{"self":[{"href":"https:\/\/cantinamicheli.it\/en\/wp-json\/wp\/v2\/pages\/372","targetHints":{"allow":["GET"]}}],"collection":[{"href":"https:\/\/cantinamicheli.it\/en\/wp-json\/wp\/v2\/pages"}],"about":[{"href":"https:\/\/cantinamicheli.it\/en\/wp-json\/wp\/v2\/types\/page"}],"author":[{"embeddable":true,"href":"https:\/\/cantinamicheli.it\/en\/wp-json\/wp\/v2\/users\/1"}],"replies":[{"embeddable":true,"href":"https:\/\/cantinamicheli.it\/en\/wp-json\/wp\/v2\/comments?post=372"}],"version-history":[{"count":6,"href":"https:\/\/cantinamicheli.it\/en\/wp-json\/wp\/v2\/pages\/372\/revisions"}],"predecessor-version":[{"id":607,"href":"https:\/\/cantinamicheli.it\/en\/wp-json\/wp\/v2\/pages\/372\/revisions\/607"}],"wp:attachment":[{"href":"https:\/\/cantinamicheli.it\/en\/wp-json\/wp\/v2\/media?parent=372"}],"curies":[{"name":"wp","href":"https:\/\/api.w.org\/{rel}","templated":true}]}}